{"id":14351,"date":"2023-08-25T21:48:17","date_gmt":"2023-08-25T19:48:17","guid":{"rendered":"https:\/\/nichiyu.ee\/tooted\/kalmar-dcb25-1200\/"},"modified":"2023-08-25T21:48:57","modified_gmt":"2023-08-25T19:48:57","slug":"kalmar-dcb25-1200","status":"publish","type":"product","link":"https:\/\/nichiyu.ee\/ru\/tooted\/kalmar-dcb25-1200\/","title":{"rendered":"KALMAR DCB25-1200"},"content":{"rendered":"","protected":false},"excerpt":{"rendered":"<p>FP, SS, \u0421\u0430\u043b\u043e\u043d, \u041c\u043e\u0442\u043e\u0447\u0430\u0441\u044b: 26750 \u0447<\/p>\n","protected":false},"featured_media":14352,"template":"","meta":[],"product_cat":[283],"product_tag":[],"acf":[],"yoast_head":"<!-- This site is optimized with the Yoast SEO Premium plugin v20.13 (Yoast SEO v21.0) - https:\/\/yoast.com\/wordpress\/plugins\/seo\/ -->\n<title>KALMAR DCB25-1200 | NICHIYU.EE<\/title>\n<meta name=\"robots\" content=\"index, follow, max-snippet:-1, max-image-preview:large, max-video-preview:-1\" \/>\n<link rel=\"canonical\" href=\"https:\/\/nichiyu.ee\/ru\/tooted\/kalmar-dcb25-1200\/\" \/>\n<meta property=\"og:locale\" content=\"ru_RU\" \/>\n<meta property=\"og:type\" content=\"article\" \/>\n<meta property=\"og:title\" content=\"KALMAR DCB25-1200\" \/>\n<meta property=\"og:description\" content=\"FP, SS, \u0421\u0430\u043b\u043e\u043d, \u041c\u043e\u0442\u043e\u0447\u0430\u0441\u044b: 26750 \u0447\" \/>\n<meta property=\"og:url\" content=\"https:\/\/nichiyu.ee\/ru\/tooted\/kalmar-dcb25-1200\/\" \/>\n<meta property=\"og:site_name\" content=\"NICHIYU.EE\" \/>\n<meta property=\"article:modified_time\" content=\"2023-08-25T19:48:57+00:00\" \/>\n<meta property=\"og:image\" content=\"https:\/\/nichiyu.ee\/wp-content\/uploads\/2023\/08\/19-2.jpg\" \/>\n\t<meta property=\"og:image:width\" content=\"2400\" \/>\n\t<meta property=\"og:image:height\" content=\"1600\" \/>\n\t<meta property=\"og:image:type\" content=\"image\/jpeg\" \/>\n<meta name=\"twitter:card\" content=\"summary_large_image\" \/>\n<script type=\"application\/ld+json\" class=\"yoast-schema-graph\">{\"@context\":\"https:\/\/schema.org\",\"@graph\":[{\"@type\":\"WebPage\",\"@id\":\"https:\/\/nichiyu.ee\/ru\/tooted\/kalmar-dcb25-1200\/\",\"url\":\"https:\/\/nichiyu.ee\/ru\/tooted\/kalmar-dcb25-1200\/\",\"name\":\"KALMAR DCB25-1200 | NICHIYU.EE\",\"isPartOf\":{\"@id\":\"https:\/\/nichiyu.ee\/ru\/#website\"},\"datePublished\":\"2023-08-25T19:48:17+00:00\",\"dateModified\":\"2023-08-25T19:48:57+00:00\",\"breadcrumb\":{\"@id\":\"https:\/\/nichiyu.ee\/ru\/tooted\/kalmar-dcb25-1200\/#breadcrumb\"},\"inLanguage\":\"ru-RU\",\"potentialAction\":[{\"@type\":\"ReadAction\",\"target\":[\"https:\/\/nichiyu.ee\/ru\/tooted\/kalmar-dcb25-1200\/\"]}]},{\"@type\":\"BreadcrumbList\",\"@id\":\"https:\/\/nichiyu.ee\/ru\/tooted\/kalmar-dcb25-1200\/#breadcrumb\",\"itemListElement\":[{\"@type\":\"ListItem\",\"position\":1,\"name\":\"Home\",\"item\":\"https:\/\/nichiyu.ee\/ru\/\"},{\"@type\":\"ListItem\",\"position\":2,\"name\":\"\u0422\u043e\u0432\u0430\u0440\u044b\",\"item\":\"https:\/\/nichiyu.ee\/ru\/shop\/\"},{\"@type\":\"ListItem\",\"position\":3,\"name\":\"KALMAR DCB25-1200\"}]},{\"@type\":\"WebSite\",\"@id\":\"https:\/\/nichiyu.ee\/ru\/#website\",\"url\":\"https:\/\/nichiyu.ee\/ru\/\",\"name\":\"NICHIYU.EE\",\"description\":\"T\u00f5stukite rent ja m\u00fc\u00fck Eestis\",\"publisher\":{\"@id\":\"https:\/\/nichiyu.ee\/ru\/#organization\"},\"potentialAction\":[{\"@type\":\"SearchAction\",\"target\":{\"@type\":\"EntryPoint\",\"urlTemplate\":\"https:\/\/nichiyu.ee\/ru\/?s={search_term_string}\"},\"query-input\":\"required name=search_term_string\"}],\"inLanguage\":\"ru-RU\"},{\"@type\":\"Organization\",\"@id\":\"https:\/\/nichiyu.ee\/ru\/#organization\",\"name\":\"NICHIYU.EE\",\"url\":\"https:\/\/nichiyu.ee\/ru\/\",\"logo\":{\"@type\":\"ImageObject\",\"inLanguage\":\"ru-RU\",\"@id\":\"https:\/\/nichiyu.ee\/ru\/#\/schema\/logo\/image\/\",\"url\":\"\",\"contentUrl\":\"\",\"caption\":\"NICHIYU.EE\"},\"image\":{\"@id\":\"https:\/\/nichiyu.ee\/ru\/#\/schema\/logo\/image\/\"}}]}<\/script>\n<!-- \/ Yoast SEO Premium plugin. -->","yoast_head_json":{"title":"KALMAR DCB25-1200 | NICHIYU.EE","robots":{"index":"index","follow":"follow","max-snippet":"max-snippet:-1","max-image-preview":"max-image-preview:large","max-video-preview":"max-video-preview:-1"},"canonical":"https:\/\/nichiyu.ee\/ru\/tooted\/kalmar-dcb25-1200\/","og_locale":"ru_RU","og_type":"article","og_title":"KALMAR DCB25-1200","og_description":"FP, SS, \u0421\u0430\u043b\u043e\u043d, \u041c\u043e\u0442\u043e\u0447\u0430\u0441\u044b: 26750 \u0447","og_url":"https:\/\/nichiyu.ee\/ru\/tooted\/kalmar-dcb25-1200\/","og_site_name":"NICHIYU.EE","article_modified_time":"2023-08-25T19:48:57+00:00","og_image":[{"width":2400,"height":1600,"url":"https:\/\/nichiyu.ee\/wp-content\/uploads\/2023\/08\/19-2.jpg","type":"image\/jpeg"}],"twitter_card":"summary_large_image","schema":{"@context":"https:\/\/schema.org","@graph":[{"@type":"WebPage","@id":"https:\/\/nichiyu.ee\/ru\/tooted\/kalmar-dcb25-1200\/","url":"https:\/\/nichiyu.ee\/ru\/tooted\/kalmar-dcb25-1200\/","name":"KALMAR DCB25-1200 | NICHIYU.EE","isPartOf":{"@id":"https:\/\/nichiyu.ee\/ru\/#website"},"datePublished":"2023-08-25T19:48:17+00:00","dateModified":"2023-08-25T19:48:57+00:00","breadcrumb":{"@id":"https:\/\/nichiyu.ee\/ru\/tooted\/kalmar-dcb25-1200\/#breadcrumb"},"inLanguage":"ru-RU","potentialAction":[{"@type":"ReadAction","target":["https:\/\/nichiyu.ee\/ru\/tooted\/kalmar-dcb25-1200\/"]}]},{"@type":"BreadcrumbList","@id":"https:\/\/nichiyu.ee\/ru\/tooted\/kalmar-dcb25-1200\/#breadcrumb","itemListElement":[{"@type":"ListItem","position":1,"name":"Home","item":"https:\/\/nichiyu.ee\/ru\/"},{"@type":"ListItem","position":2,"name":"\u0422\u043e\u0432\u0430\u0440\u044b","item":"https:\/\/nichiyu.ee\/ru\/shop\/"},{"@type":"ListItem","position":3,"name":"KALMAR DCB25-1200"}]},{"@type":"WebSite","@id":"https:\/\/nichiyu.ee\/ru\/#website","url":"https:\/\/nichiyu.ee\/ru\/","name":"NICHIYU.EE","description":"T\u00f5stukite rent ja m\u00fc\u00fck Eestis","publisher":{"@id":"https:\/\/nichiyu.ee\/ru\/#organization"},"potentialAction":[{"@type":"SearchAction","target":{"@type":"EntryPoint","urlTemplate":"https:\/\/nichiyu.ee\/ru\/?s={search_term_string}"},"query-input":"required name=search_term_string"}],"inLanguage":"ru-RU"},{"@type":"Organization","@id":"https:\/\/nichiyu.ee\/ru\/#organization","name":"NICHIYU.EE","url":"https:\/\/nichiyu.ee\/ru\/","logo":{"@type":"ImageObject","inLanguage":"ru-RU","@id":"https:\/\/nichiyu.ee\/ru\/#\/schema\/logo\/image\/","url":"","contentUrl":"","caption":"NICHIYU.EE"},"image":{"@id":"https:\/\/nichiyu.ee\/ru\/#\/schema\/logo\/image\/"}}]}},"_links":{"self":[{"href":"https:\/\/nichiyu.ee\/ru\/wp-json\/wp\/v2\/product\/14351"}],"collection":[{"href":"https:\/\/nichiyu.ee\/ru\/wp-json\/wp\/v2\/product"}],"about":[{"href":"https:\/\/nichiyu.ee\/ru\/wp-json\/wp\/v2\/types\/product"}],"wp:featuredmedia":[{"embeddable":true,"href":"https:\/\/nichiyu.ee\/ru\/wp-json\/wp\/v2\/media\/14352"}],"wp:attachment":[{"href":"https:\/\/nichiyu.ee\/ru\/wp-json\/wp\/v2\/media?parent=14351"}],"wp:term":[{"taxonomy":"product_cat","embeddable":true,"href":"https:\/\/nichiyu.ee\/ru\/wp-json\/wp\/v2\/product_cat?post=14351"},{"taxonomy":"product_tag","embeddable":true,"href":"https:\/\/nichiyu.ee\/ru\/wp-json\/wp\/v2\/product_tag?post=14351"}],"curies":[{"name":"wp","href":"https:\/\/api.w.org\/{rel}","templated":true}]}}